{"id":3,"date":"2024-05-03T07:01:26","date_gmt":"2024-05-03T07:01:26","guid":{"rendered":"https:\/\/sams-malsfeld.de\/?page_id=3"},"modified":"2024-06-17T10:56:27","modified_gmt":"2024-06-17T10:56:27","slug":"privacy-policy","status":"publish","type":"page","link":"https:\/\/sams-malsfeld.de\/?page_id=3","title":{"rendered":"Privacy Policy"},"content":{"rendered":"\n<h2 class=\"wp-block-heading\">Datenschutz-Richtlinie<\/h2>\n\n\n\n<p><strong class=\"privacy-policy-tutorial\">Suggested text: <\/strong>Our website address is: https:\/\/sams-malsfeld.de.<\/p>\n\n\n\n<h2 class=\"wp-block-heading has-accent-3-color has-text-color has-link-color has-large-font-size wp-elements-9ca362927d9293bdd36816a263f9f9f8\">F\u00fcr Mitglieder<\/h2>\n\n\n\n<p>Mit folgenden Informationen geben wir Ihnen einen \u00dcberblick \u00fcber die Verarbeitung Ihrer personenbezogenen Daten durch den Verein sowie \u00fcber Ihre Rechte nach den gesetzlichen Bestimmungen zum Datenschutz:<\/p>\n\n\n\n<p>Mit der Datenschutz-Richtlinie soll ein \u00dcberblick \u00fcber die im Verein verarbeiteten personenbezogenen Daten sowie \u00fcber die Rechte der betroffenen Mitglieder gegeben werden.<br>Verantwortliche Stellen f\u00fcr die Datenverarbeitung durch den Verein ist der Vorstand, vertreten durch den<\/p>\n\n\n\n<ol class=\"wp-block-list\">\n<li>Vorsitzenden, erreichbar telefonisch unter 05661 8081, sowie per E-Mail poststelle@g.malsfeld.schulverwaltung.hessen.de.<\/li>\n\n\n\n<li>Der Verein verarbeitet personenbezogene Daten zum Zweck, dabei nur in dem Umfang, wie er sie im Zusammenhang mit der Begr\u00fcndung, Durchf\u00fchrung und Beendigung des Mitgliedschaftsverh\u00e4ltnisses oder zur Aus\u00fcbung und Erf\u00fcllung der sich aus dem Gesetz ergebenden Rechte und Pflichten oder zur Wahrung seiner berechtigten Interessen ben\u00f6tigt. Relevante Daten sind dabei insbesondere die Personalien wie Name, Adresse, sonstige Kontaktdaten, Bankverbindung, Geburtsdatum, aber auch Eintritts- und Austrittsdatum und die Dauer der Mitgliedschaft. Die Erhebung der Daten erfolgt in der Regel unmittelbar beim Mitglied selbst.<\/li>\n\n\n\n<li>Rechtsgrundlagen f\u00fcr die Verarbeitung der personenbezogenen Daten sind die datenschutzrechtlichen Erlaubnisnormen des Art. 6 Abs. 1 DS-GVO, soweit erforderlich die Einwilligung des betroffenen Mitglieds.<\/li>\n\n\n\n<li>Innerhalb des Vereins erhalten diejenigen Stellen Zugriff auf die Daten, die diese zur Erf\u00fcllung der in Ziffer 2 genannten Aufgaben brauchen. Au\u00dferhalb des Vereins werden die Daten weitergegeben an: Astrid-Lindgren-Schule Malsfeld, zu dem Zweck der Organisation und Durchf\u00fchrung von Veranstaltungen und Projekten. Eine Absicht des Vereins, die personenbezogenen Daten an ein Drittland oder an internationale Organisationen zu \u00fcbermitteln, besteht nicht.<\/li>\n\n\n\n<li>Die Daten werde durch den Verein solange und in dem Ma\u00dfe verarbeitet, als dies zur Erf\u00fcllung der Aufgaben aus Ziffer 2 erforderlich ist. Sind die Daten danach nicht mehr erforderlich, werden sie regelm\u00e4\u00dfig nach Erf\u00fcllung der 10-j\u00e4hrigen gesetzlichen Aufbewahrungspflichten gel\u00f6scht, es sei denn die Weiterverarbeitung ist erforderlich zur Erhaltung von Beweismitteln im Rahmen der gesetzlichen Verj\u00e4hrungsfristen, die bis zu 30 Jahre, im Regelfall jedoch 3 Jahre betragen.<\/li>\n\n\n\n<li>Als betroffene Person hat das Mitglied das Recht auf Auskunft, Berichtigung, L\u00f6schung, Einschr\u00e4nkung der Verarbeitung, Widerspruch sowie Daten\u00fcbertragbarkeit (Art. 15 mit 21 DS-GVO). Auskunfts- und L\u00f6schungsrechte stehen allerdings, soweit gesetzlich zul\u00e4ssig, unter den Einschr\u00e4nkungen der \u00a7\u00a7 34 und 35 BDSG. Dar\u00fcber hinaus besteht f\u00fcr das Mitglied ein Beschwerderecht bei der zust\u00e4ndigen Datenschutzaufsichtsbeh\u00f6rde (Art. 77 DS-GVO in Verbindung mit \u00a7 19 BDSG).<\/li>\n\n\n\n<li>Soweit durch das Mitglied eine Einwilligung erteilt worden ist, besteht das Recht zum jederzeitigen Widerruf , wobei der Widerruf erst f\u00fcr die Zukunft wirkt und die Rechtm\u00e4\u00dfigkeit der Verarbeitung bis zum Widerruf davon unber\u00fchrt bleibt.<\/li>\n\n\n\n<li>Im Zusammenhang mit der Mitgliedschaft ist das Mitglied verpflichtet, seine personenbezogenen Daten zur Verf\u00fcgung zu stellen, andernfalls das Mitgliedschaftsverh\u00e4ltnis nicht eingegangen oder aufrecht erhalten werden kann.<\/li>\n\n\n\n<li>Eine automatisierte Entscheidungsfindung einschlie\u00dflich eines Profiling besteht nicht.<\/li>\n<\/ol>\n\n\n\n<h2 class=\"wp-block-heading\">Cookies<\/h2>\n\n\n\n<p><strong class=\"privacy-policy-tutorial\">Suggested text: <\/strong>If you leave a comment on our site you may opt-in to saving your name, email address and website in cookies. These are for your convenience so that you do not have to fill in your details again when you leave another comment. These cookies will last for one year.<\/p>\n\n\n\n<p>If you visit our login page, we will set a temporary cookie to determine if your browser accepts cookies. This cookie contains no personal data and is discarded when you close your browser.<\/p>\n\n\n\n<p>When you log in, we will also set up several cookies to save your login information and your screen display choices. Login cookies last for two days, and screen options cookies last for a year. If you select &#8222;Remember Me&#8220;, your login will persist for two weeks. If you log out of your account, the login cookies will be removed.<\/p>\n\n\n\n<p>If you edit or publish an article, an additional cookie will be saved in your browser. This cookie includes no personal data and simply indicates the post ID of the article you just edited. It expires after 1 day.<\/p>\n\n\n\n<p><strong class=\"privacy-policy-tutorial\">Suggested text: <\/strong>If you request a password reset, your IP address will be included in the reset email.<\/p>\n\n\n\n<h2 class=\"wp-block-heading\">How long we retain your data<\/h2>\n\n\n\n<p><strong class=\"privacy-policy-tutorial\">Suggested text: <\/strong>If you leave a comment, the comment and its metadata are retained indefinitely. This is so we can recognize and approve any follow-up comments automatically instead of holding them in a moderation queue.<\/p>\n\n\n\n<p>For users that register on our website (if any), we also store the personal information they provide in their user profile. All users can see, edit, or delete their personal information at any time (except they cannot change their username). Website administrators can also see and edit that information.<\/p>\n\n\n\n<h2 class=\"wp-block-heading\">What rights you have over your data<\/h2>\n\n\n\n<p><strong class=\"privacy-policy-tutorial\">Suggested text: <\/strong>If you have an account on this site, or have left comments, you can request to receive an exported file of the personal data we hold about you, including any data you have provided to us. You can also request that we erase any personal data we hold about you. This does not include any data we are obliged to keep for administrative, legal, or security purposes.<\/p>\n\n\n\n<h2 class=\"wp-block-heading\">Where your data is sent<\/h2>\n\n\n\n<p><strong class=\"privacy-policy-tutorial\">Suggested text: <\/strong>Visitor comments may be checked through an automated spam detection service.<\/p>\n","protected":false},"excerpt":{"rendered":"<p>Datenschutz-Richtlinie Suggested text: Our website address is: https:\/\/sams-malsfeld.de. F\u00fcr Mitglieder Mit folgenden Informationen geben wir Ihnen einen \u00dcberblick \u00fcber die Verarbeitung Ihrer personenbezogenen Daten durch den Verein sowie \u00fcber Ihre Rechte nach den gesetzlichen Bestimmungen zum Datenschutz: Mit der Datenschutz-Richtlinie soll ein \u00dcberblick \u00fcber die im Verein verarbeiteten personenbezogenen Daten sowie \u00fcber die Rechte der [&hellip;]<\/p>\n","protected":false},"author":1,"featured_media":0,"parent":0,"menu_order":0,"comment_status":"closed","ping_status":"closed","template":"","meta":{"ocean_post_layout":"","ocean_both_sidebars_style":"","ocean_both_sidebars_content_width":0,"ocean_both_sidebars_sidebars_width":0,"ocean_sidebar":"","ocean_second_sidebar":"","ocean_disable_margins":"enable","ocean_add_body_class":"","ocean_shortcode_before_top_bar":"","ocean_shortcode_after_top_bar":"","ocean_shortcode_before_header":"","ocean_shortcode_after_header":"","ocean_has_shortcode":"","ocean_shortcode_after_title":"","ocean_shortcode_before_footer_widgets":"","ocean_shortcode_after_footer_widgets":"","ocean_shortcode_before_footer_bottom":"","ocean_shortcode_after_footer_bottom":"","ocean_display_top_bar":"default","ocean_display_header":"default","ocean_header_style":"","ocean_center_header_left_menu":"","ocean_custom_header_template":"","ocean_custom_logo":0,"ocean_custom_retina_logo":0,"ocean_custom_logo_max_width":0,"ocean_custom_logo_tablet_max_width":0,"ocean_custom_logo_mobile_max_width":0,"ocean_custom_logo_max_height":0,"ocean_custom_logo_tablet_max_height":0,"ocean_custom_logo_mobile_max_height":0,"ocean_header_custom_menu":"","ocean_menu_typo_font_family":"","ocean_menu_typo_font_subset":"","ocean_menu_typo_font_size":0,"ocean_menu_typo_font_size_tablet":0,"ocean_menu_typo_font_size_mobile":0,"ocean_menu_typo_font_size_unit":"px","ocean_menu_typo_font_weight":"","ocean_menu_typo_font_weight_tablet":"","ocean_menu_typo_font_weight_mobile":"","ocean_menu_typo_transform":"","ocean_menu_typo_transform_tablet":"","ocean_menu_typo_transform_mobile":"","ocean_menu_typo_line_height":0,"ocean_menu_typo_line_height_tablet":0,"ocean_menu_typo_line_height_mobile":0,"ocean_menu_typo_line_height_unit":"","ocean_menu_typo_spacing":0,"ocean_menu_typo_spacing_tablet":0,"ocean_menu_typo_spacing_mobile":0,"ocean_menu_typo_spacing_unit":"","ocean_menu_link_color":"","ocean_menu_link_color_hover":"","ocean_menu_link_color_active":"","ocean_menu_link_background":"","ocean_menu_link_hover_background":"","ocean_menu_link_active_background":"","ocean_menu_social_links_bg":"","ocean_menu_social_hover_links_bg":"","ocean_menu_social_links_color":"","ocean_menu_social_hover_links_color":"","ocean_disable_title":"default","ocean_disable_heading":"default","ocean_post_title":"","ocean_post_subheading":"","ocean_post_title_style":"","ocean_post_title_background_color":"","ocean_post_title_background":0,"ocean_post_title_bg_image_position":"","ocean_post_title_bg_image_attachment":"","ocean_post_title_bg_image_repeat":"","ocean_post_title_bg_image_size":"","ocean_post_title_height":0,"ocean_post_title_bg_overlay":0.5,"ocean_post_title_bg_overlay_color":"","ocean_disable_breadcrumbs":"default","ocean_breadcrumbs_color":"","ocean_breadcrumbs_separator_color":"","ocean_breadcrumbs_links_color":"","ocean_breadcrumbs_links_hover_color":"","ocean_display_footer_widgets":"default","ocean_display_footer_bottom":"default","ocean_custom_footer_template":"","footnotes":""},"class_list":["post-3","page","type-page","status-publish","hentry","entry"],"_links":{"self":[{"href":"https:\/\/sams-malsfeld.de\/index.php?rest_route=\/wp\/v2\/pages\/3","targetHints":{"allow":["GET"]}}],"collection":[{"href":"https:\/\/sams-malsfeld.de\/index.php?rest_route=\/wp\/v2\/pages"}],"about":[{"href":"https:\/\/sams-malsfeld.de\/index.php?rest_route=\/wp\/v2\/types\/page"}],"author":[{"embeddable":true,"href":"https:\/\/sams-malsfeld.de\/index.php?rest_route=\/wp\/v2\/users\/1"}],"replies":[{"embeddable":true,"href":"https:\/\/sams-malsfeld.de\/index.php?rest_route=%2Fwp%2Fv2%2Fcomments&post=3"}],"version-history":[{"count":1,"href":"https:\/\/sams-malsfeld.de\/index.php?rest_route=\/wp\/v2\/pages\/3\/revisions"}],"predecessor-version":[{"id":11,"href":"https:\/\/sams-malsfeld.de\/index.php?rest_route=\/wp\/v2\/pages\/3\/revisions\/11"}],"wp:attachment":[{"href":"https:\/\/sams-malsfeld.de\/index.php?rest_route=%2Fwp%2Fv2%2Fmedia&parent=3"}],"curies":[{"name":"wp","href":"https:\/\/api.w.org\/{rel}","templated":true}]}}